{"id":4848,"date":"2013-04-05T17:14:01","date_gmt":"2013-04-05T15:14:01","guid":{"rendered":"http:\/\/www.sgniederkainsbach.de\/?page_id=4848"},"modified":"2023-09-04T09:22:20","modified_gmt":"2023-09-04T07:22:20","slug":"impressum-2","status":"publish","type":"page","link":"https:\/\/www.sgniederkainsbach.de\/?page_id=4848","title":{"rendered":"Impressum"},"content":{"rendered":"<h6>Angaben gem\u00e4\u00df \u00a7 5 TMG<\/h6>\n<p>Sportgemeinschaft (SG) Nieder-Kainsbach\/Affh\u00f6llerbach e.V.<br \/>\nvertreten durch den 1. Vorsitzenden Steffen Klinger<br \/>\nAlter Postweg 25<br \/>\n64385 Reichelsheim<br \/>\nTel: 0160 \/ 94 71 25 58<br \/>\nE-Mail: steffen.klinger(at)entega(dot)de<\/p>\n<p>Amtsgericht Darmstadt<br \/>\nVereinsregisternummer: 70370<\/p>\n<p>Ust-IdNr.: DE113421878<\/p>\n<h6>Verantwortlich f\u00fcr den Inhalt nach \u00a7 55 Abs. 2 RStV<\/h6>\n<p>Steffen Klinger<br \/>\nAlter Postweg 25<br \/>\n64385 Reichelsheim<br \/>\nTel: 0160 \/ 94 71 25 58<br \/>\nE-Mail: steffen.klinger(at)entega(dot)de<\/p>\n<p>Alle Texte, alle Fotos, alle Gestaltungselemente dieser Internetpr\u00e4senz sind \u2013 sofern nicht ein anderer Urheberrechtsinhaber (beziehungsweise Verwertungsberechtigter) angegeben ist \u2013 f\u00fcr die Sportgemeinschaft (SG) Nieder-Kainsbach\/Affh\u00f6llerbach e.V. urheberrechtlich gesch\u00fctzt. Jede Verwertung ohne Zustimmung des Vorstandes der Sportgemeinschaft (SG) Nieder-Kainsbach\/Affh\u00f6llerbach e.V. ist unzul\u00e4ssig.<\/p>\n<p>Wir haben auf unseren Seiten Links zu anderen Seiten im Internet. F\u00fcr alle diese Links gilt, dass wir keinerlei Einfluss auf die Gestaltung und die Inhalte dieser Seiten haben. Deswegen \u00fcbernehmen wir auch keinerlei Verantwortung f\u00fcr Inhalt und Gestaltung dieser Seiten. Diese Erkl\u00e4rung gilt f\u00fcr alle auf unserer Internetpr\u00e4senz angezeigten Links und f\u00fcr alle Inhalte der Seiten, zu denen die bei uns angemeldeten Banner und Links f\u00fchren.<\/p>\n","protected":false},"excerpt":{"rendered":"<p>Angaben gem\u00e4\u00df \u00a7 5 TMG Sportgemeinschaft (SG) Nieder-Kainsbach\/Affh\u00f6llerbach e.V. vertreten durch den 1. Vorsitzenden Steffen Klinger Alter Postweg 25 64385 Reichelsheim Tel: 0160 \/ 94 71 25 58 E-Mail: steffen.klinger(at)entega(dot)de Amtsgericht Darmstadt Vereinsregisternummer: 70370 Ust-IdNr.: DE113421878 Verantwortlich f\u00fcr den Inhalt nach \u00a7 55 Abs. 2 RStV Steffen Klinger Alter Postweg 25 64385 Reichelsheim Tel: 0160 &hellip; <a href=\"https:\/\/www.sgniederkainsbach.de\/?page_id=4848\" class=\"more-link\"><span class=\"screen-reader-text\">Impressum<\/span> weiterlesen <span class=\"meta-nav\">&rarr;<\/span><\/a><\/p>\n","protected":false},"author":6,"featured_media":0,"parent":0,"menu_order":0,"comment_status":"closed","ping_status":"closed","template":"","meta":{"footnotes":""},"class_list":["post-4848","page","type-page","status-publish","hentry"],"_links":{"self":[{"href":"https:\/\/www.sgniederkainsbach.de\/index.php?rest_route=\/wp\/v2\/pages\/4848","targetHints":{"allow":["GET"]}}],"collection":[{"href":"https:\/\/www.sgniederkainsbach.de\/index.php?rest_route=\/wp\/v2\/pages"}],"about":[{"href":"https:\/\/www.sgniederkainsbach.de\/index.php?rest_route=\/wp\/v2\/types\/page"}],"author":[{"embeddable":true,"href":"https:\/\/www.sgniederkainsbach.de\/index.php?rest_route=\/wp\/v2\/users\/6"}],"replies":[{"embeddable":true,"href":"https:\/\/www.sgniederkainsbach.de\/index.php?rest_route=%2Fwp%2Fv2%2Fcomments&post=4848"}],"version-history":[{"count":9,"href":"https:\/\/www.sgniederkainsbach.de\/index.php?rest_route=\/wp\/v2\/pages\/4848\/revisions"}],"predecessor-version":[{"id":12765,"href":"https:\/\/www.sgniederkainsbach.de\/index.php?rest_route=\/wp\/v2\/pages\/4848\/revisions\/12765"}],"wp:attachment":[{"href":"https:\/\/www.sgniederkainsbach.de\/index.php?rest_route=%2Fwp%2Fv2%2Fmedia&parent=4848"}],"curies":[{"name":"wp","href":"https:\/\/api.w.org\/{rel}","templated":true}]}}