{"id":2174,"date":"2009-10-09T10:17:19","date_gmt":"2009-10-09T08:17:19","guid":{"rendered":"http:\/\/www.sgniederkainsbach.de\/?page_id=2174"},"modified":"2014-07-23T14:19:08","modified_gmt":"2014-07-23T12:19:08","slug":"wegbeschreibung","status":"publish","type":"page","link":"https:\/\/www.sgniederkainsbach.de\/?page_id=2174","title":{"rendered":"Wegbeschreibung"},"content":{"rendered":"<p>Das Sportgel\u00e4nde der SG Nieder-Kainsbach\/Affh\u00f6llerbach e.V. mit Vereinsheim befindet sich in der Affh\u00f6llerbacher Stra\u00dfe 46, 64395 Brensbach\/Nieder-Kainsbach<\/p>\n<p><iframe loading=\"lazy\" width=\"100%\" height=\"700px\" frameborder=\"0\" scrolling=\"no\" marginheight=\"0\" marginwidth=\"0\" src=\"https:\/\/maps.google.de\/maps?f=q&amp;source=s_q&amp;hl=de&amp;geocode=&amp;q=Affh%C3%B6llerbacher+Stra%C3%9Fe+46,+64395+Brensbach&amp;sll=49.754266,8.889914&amp;sspn=0.028142,0.054202&amp;ie=UTF8&amp;hq=&amp;hnear=Affh%C3%B6llerbacher+Stra%C3%9Fe+46,+Nieder-Kainsbach+64395+Brensbach&amp;ll=49.753768,8.885618&amp;spn=0.028144,0.054202&amp;t=m&amp;z=14&amp;output=embed\"><\/iframe><br \/><small><a target=\"_blank\" href=\"https:\/\/maps.google.de\/maps?f=q&amp;source=embed&amp;hl=de&amp;geocode=&amp;q=Affh%C3%B6llerbacher+Stra%C3%9Fe+46,+64395+Brensbach&amp;sll=49.754266,8.889914&amp;sspn=0.028142,0.054202&amp;ie=UTF8&amp;hq=&amp;hnear=Affh%C3%B6llerbacher+Stra%C3%9Fe+46,+Nieder-Kainsbach+64395+Brensbach&amp;ll=49.753768,8.885618&amp;spn=0.028144,0.054202&amp;t=m&amp;z=14\" style=\"color:#0000FF;text-align:left\">Gr\u00f6\u00dfere Kartenansicht<\/a><\/small><\/p>\n","protected":false},"excerpt":{"rendered":"<p>Das Sportgel\u00e4nde der SG Nieder-Kainsbach\/Affh\u00f6llerbach e.V. mit Vereinsheim befindet sich in der Affh\u00f6llerbacher Stra\u00dfe 46, 64395 Brensbach\/Nieder-Kainsbach Gr\u00f6\u00dfere Kartenansicht<\/p>\n","protected":false},"author":6,"featured_media":0,"parent":0,"menu_order":2500,"comment_status":"closed","ping_status":"closed","template":"","meta":{"footnotes":""},"class_list":["post-2174","page","type-page","status-publish","hentry"],"_links":{"self":[{"href":"https:\/\/www.sgniederkainsbach.de\/index.php?rest_route=\/wp\/v2\/pages\/2174","targetHints":{"allow":["GET"]}}],"collection":[{"href":"https:\/\/www.sgniederkainsbach.de\/index.php?rest_route=\/wp\/v2\/pages"}],"about":[{"href":"https:\/\/www.sgniederkainsbach.de\/index.php?rest_route=\/wp\/v2\/types\/page"}],"author":[{"embeddable":true,"href":"https:\/\/www.sgniederkainsbach.de\/index.php?rest_route=\/wp\/v2\/users\/6"}],"replies":[{"embeddable":true,"href":"https:\/\/www.sgniederkainsbach.de\/index.php?rest_route=%2Fwp%2Fv2%2Fcomments&post=2174"}],"version-history":[{"count":15,"href":"https:\/\/www.sgniederkainsbach.de\/index.php?rest_route=\/wp\/v2\/pages\/2174\/revisions"}],"predecessor-version":[{"id":5963,"href":"https:\/\/www.sgniederkainsbach.de\/index.php?rest_route=\/wp\/v2\/pages\/2174\/revisions\/5963"}],"wp:attachment":[{"href":"https:\/\/www.sgniederkainsbach.de\/index.php?rest_route=%2Fwp%2Fv2%2Fmedia&parent=2174"}],"curies":[{"name":"wp","href":"https:\/\/api.w.org\/{rel}","templated":true}]}}