{"id":16,"date":"2008-03-17T12:18:58","date_gmt":"2008-03-17T11:18:58","guid":{"rendered":"http:\/\/wp1033296.wp056.webpack.hosteurope.de\/sgniederkainsbach\/?page_id=16"},"modified":"2018-01-26T12:29:08","modified_gmt":"2018-01-26T11:29:08","slug":"gymnastik","status":"publish","type":"page","link":"https:\/\/www.sgniederkainsbach.de\/?page_id=16","title":{"rendered":"Gymnastik"},"content":{"rendered":"<h6>Historie<\/h6>\n<p>Die Damengymnastikgruppe begann im Jahr 1969 mit ihren ersten \u00dcbungsstunden. Der damalige Vorsitzende Heinz Ihrig nahm Kontakt mit Birgit Weber auf, die sich auch spontan bereit erkl\u00e4rte, die neu zu bildende Abteilung zu leiten.<br \/>\nVon 1969 bis 1982 fanden die w\u00f6chentlichen \u00dcbungsstunden im Gasthaus \u201eZur Linde\u201c bei Familie Ehrhard in Nieder-Kainsbach statt. 1983 wechselte die Gruppe in die Dorfklause nach Affh\u00f6llerbach. Durch die hier vorhandene Fu\u00dfbodenheizung brauchte keine Winterpause mehr eingelegt zu werden. In den ersten Jahren dominierten gymnastische \u00dcbungen, die einmal monatlich durch einen Schwimmabend und in den Sommermonaten durch Waldl\u00e4ufe rund um den Schnellertsberg unterbrochen wurden. Ab 1975 stellte sich die Gruppe mehr und mehr auf Yoga-\u00dcbungen ein. Seitdem geh\u00f6rten R\u00fcckenschule, Tai Chi, Pilates und Nordic-Walking zu dem abwechslungsreichen Programm. 1984 beteiligte sich die Gruppe erstmals am Vereinskegeln in Brensbach. Ein Kegelabend pro Monat war seit jener Zeit fester Bestandteil des Programms.<br \/>\nIm Laufe eines Jahres fanden etwa 40 bis 45 \u00dcbungsstunden statt, die alle gut besucht waren.<br \/>\nAbsolut unerreicht und bemerkenswert ist die Leistung von Birgit Weber, die der Gymnastikabteilung als Abteilungs- und \u00dcbungsleiterin mehr als 41 Jahre vorstand.<br \/>\nIm M\u00e4rz 2011 \u00fcbernahm Dagmar Emmerich die Damengymnastikgruppe und bot f\u00fcr Frauen im Alter zwischen 20 und 45 Jahren ein umfangreiches Fitnessprogramm an.<br \/>\nZum Jahresende 2015 l\u00f6ste sich die Gruppe leider auf.<\/p>\n<h6>Die Gymnastikdamen 1969<\/h6>\n<p><img loading=\"lazy\" decoding=\"async\" width=\"900\" height=\"644\" src=\"\/wp-content\/uploads\/2008\/03\/gymnastik_gruender_mannschaft_1969.jpg\" alt=\"Die Gymnastik Damen im Jahr der Gr\u00fcndung 1969\" class=\"alignleft size-full wp-image-7233\" \/><br \/>\nHintere Reihe v.l. Irma Sch\u00f6ps, Gisela Karl, Ria Walter und Waltraud Mahn.<br \/>\nMittlere Reihe v.l. Birgit Weber, Gertrud Karl, Irene Arras, Margarete Ramge, Doris Hen\u00df, Liesel Trautmann und Vorsitzender Horst Strubel.<br \/>\nVordere Reihe v.l. Rosel Karl, Gudrun Lindworsky, Christel Ehrhard und Ulrike Sch\u00f6ps.<\/p>\n","protected":false},"excerpt":{"rendered":"<p>Historie Die Damengymnastikgruppe begann im Jahr 1969 mit ihren ersten \u00dcbungsstunden. Der damalige Vorsitzende Heinz Ihrig nahm Kontakt mit Birgit Weber auf, die sich auch spontan bereit erkl\u00e4rte, die neu zu bildende Abteilung zu leiten. Von 1969 bis 1982 fanden die w\u00f6chentlichen \u00dcbungsstunden im Gasthaus \u201eZur Linde\u201c bei Familie Ehrhard in Nieder-Kainsbach statt. 1983 wechselte &hellip; <a href=\"https:\/\/www.sgniederkainsbach.de\/?page_id=16\" class=\"more-link\"><span class=\"screen-reader-text\">Gymnastik<\/span> weiterlesen <span class=\"meta-nav\">&rarr;<\/span><\/a><\/p>\n","protected":false},"author":6,"featured_media":5894,"parent":0,"menu_order":7000,"comment_status":"open","ping_status":"closed","template":"","meta":{"footnotes":""},"class_list":["post-16","page","type-page","status-publish","has-post-thumbnail","hentry"],"_links":{"self":[{"href":"https:\/\/www.sgniederkainsbach.de\/index.php?rest_route=\/wp\/v2\/pages\/16","targetHints":{"allow":["GET"]}}],"collection":[{"href":"https:\/\/www.sgniederkainsbach.de\/index.php?rest_route=\/wp\/v2\/pages"}],"about":[{"href":"https:\/\/www.sgniederkainsbach.de\/index.php?rest_route=\/wp\/v2\/types\/page"}],"author":[{"embeddable":true,"href":"https:\/\/www.sgniederkainsbach.de\/index.php?rest_route=\/wp\/v2\/users\/6"}],"replies":[{"embeddable":true,"href":"https:\/\/www.sgniederkainsbach.de\/index.php?rest_route=%2Fwp%2Fv2%2Fcomments&post=16"}],"version-history":[{"count":19,"href":"https:\/\/www.sgniederkainsbach.de\/index.php?rest_route=\/wp\/v2\/pages\/16\/revisions"}],"predecessor-version":[{"id":9548,"href":"https:\/\/www.sgniederkainsbach.de\/index.php?rest_route=\/wp\/v2\/pages\/16\/revisions\/9548"}],"wp:featuredmedia":[{"embeddable":true,"href":"https:\/\/www.sgniederkainsbach.de\/index.php?rest_route=\/wp\/v2\/media\/5894"}],"wp:attachment":[{"href":"https:\/\/www.sgniederkainsbach.de\/index.php?rest_route=%2Fwp%2Fv2%2Fmedia&parent=16"}],"curies":[{"name":"wp","href":"https:\/\/api.w.org\/{rel}","templated":true}]}}