{"id":15,"date":"2008-03-17T12:17:40","date_gmt":"2008-03-17T11:17:40","guid":{"rendered":"http:\/\/wp1033296.wp056.webpack.hosteurope.de\/sgniederkainsbach\/?page_id=15"},"modified":"2024-11-07T11:05:27","modified_gmt":"2024-11-07T10:05:27","slug":"junioren","status":"publish","type":"page","link":"https:\/\/www.sgniederkainsbach.de\/?page_id=15","title":{"rendered":"Junioren"},"content":{"rendered":"\n<p>Ob M\u00e4dchen oder Junge \u2013 alle Kinder, die mindestens vier Jahre alt sind, laden wir herzlich ein, mit unseren Jugendmannschaften zu trainieren. Das Training findet auf dem Sportplatz in Nieder-Kainsbach statt. Wir freuen uns auf jedes Kind!<\/p>\n\n\n\n<h6 class=\"wp-block-heading\">Trainingszeiten<\/h6>\n\n\n\n<p>Dienstags, 17.00 &#8211; 18.30 Uhr Sportplatz Nieder-Kainsbach<br>Donnerstags, 17.00 &#8211; 18.30 Uhr Sportplatz Nieder-Kainsbach<\/p>\n\n\n\n<p>In den Wintermonaten:<br>Dienstags, 18.00 &#8211; 19.30 Uhr Halle Gemeindezentrum Brensbach<\/p>\n\n\n\n<h6 class=\"wp-block-heading\">Ansprechpartner<\/h6>\n\n\n\n<p>Angelo Reeg, Tel. 01 74 \/ 72 84 709<br>Markus Karg, Tel. 01 76 \/ 32 20 16 85<\/p>\n\n\n\n<h6 class=\"wp-block-heading\">Jugendleiter<\/h6>\n\n\n\n<p>F\u00fcr weitere Informationen steht Ihnen unser Jugendleiter gerne jederzeit zur Verf\u00fcgung.<\/p>\n\n\n\n<p>Jannis Kepper<br>Tel. 01 71 \/ 8 11 59 63<br>E-Mail: jakepper91(at)googlemail(dot)com<\/p>\n\n\n\n<h6 class=\"wp-block-heading\">Die A-Junioren der JSG am 27. Juni 2015<\/h6>\n\n\n\n<p><img loading=\"lazy\" decoding=\"async\" width=\"1038\" height=\"576\" class=\"size-full wp-image-6314\" src=\"\/wp-content\/uploads\/2015\/07\/A_Junioren_2015.jpg\" alt=\"Die A-Junioren der JSG Brensbach\/Nieder-Kainsbach\/Hummetroth am 27. Juni 2015\"><br>Hintere Reihe v.l. Christian Neuberger, Simon Schaffnit, Lukas Kaffenberger, Trainer Harald Heldmann, Lukas Orth, Trainer Thomas Gunkel, Jonas Hildebrand, Jonas Hornung, Tim Friedrich, Fabio Capone und Trainer Angelo Reeg. Vordere Reihe v.l. Adrian Kr\u00e4mer, Tobias Heldmann, Sascha Schantz, Tim Trautmann, Justin Vaupel und Marco De Micco. Andre Speier, Sebastian Stolper, Dominik Greubel, Lukas Willmeroth und Nikolas Tsilivarakos fehlen auf dem Bild.<\/p>\n\n\n\n<h6 class=\"wp-block-heading\">Die B-Junioren der JSG am 25. Mai 2013<\/h6>\n\n\n<div class=\"wp-block-image\">\n<figure class=\"alignleft\"><img loading=\"lazy\" decoding=\"async\" width=\"1038\" height=\"576\" src=\"\/wp-content\/uploads\/2013\/05\/junioren_2013-05-25.jpg\" alt=\"Die B-Junioren der JSG am 25. Mai 2013\" class=\"wp-image-5919\"\/><\/figure>\n<\/div>\n\n\n<p><br>Hintere Reihe v.l.: Trainer Harald Heldmann, Christian Neuberger, Justin M\u00fcller, Sebastian Stolper, Jonas Hillebrand, Tobias Heldmann, Lukas Kaffenberger, Marc Sch\u00f6nleber und Trainer Angelo Reeg. Vordere Reihe v.l.: Andre Speier, Sascha Schantz, Marco De Micco, Tim Trautmann, Lukas Orth, Simon Schaffnit, Jonas Hornung und Fabio Capone.<\/p>\n\n\n\n<h6 class=\"wp-block-heading\">Die B-Junioren am 10. M\u00e4rz 2012<\/h6>\n\n\n<div class=\"wp-block-image\">\n<figure class=\"alignleft\"><img loading=\"lazy\" decoding=\"async\" width=\"900\" height=\"600\" src=\"\/wp-content\/uploads\/2008\/03\/junioren_2012-03-10.jpg\" alt=\"Die B-Junioren am 10. M\u00e4rz 2012\" class=\"wp-image-7214\"\/><\/figure>\n<\/div>\n\n\n<p><br>Hintere Reihe v.l. Trainer Harald Heldmann, Christian Neuberger, Andre Speier, Lukas Kaffenberger, Simon Schaffnit, Martin Weber, Nico Kabel, die Trainer Thomas Gunkel und Angelo Reeg. Vordere Reihe v.l. Fabio Capone, Tobias Heldmann, Sascha Schantz, Jonas Hornung, Lukas Orth, Luis Gunkel, Fabian Ramge, Sebastian Stolper und Tim Trautmann. Tim Friedrich und Jonas Hillebrand fehlen auf dem Bild.<\/p>\n\n\n\n<h6 class=\"wp-block-heading\">Die D11-Junioren am 3. September 2009<\/h6>\n\n\n<div class=\"wp-block-image\">\n<figure class=\"alignleft\"><img loading=\"lazy\" decoding=\"async\" width=\"900\" height=\"600\" src=\"\/wp-content\/uploads\/2008\/03\/junioren_2009-09-03.jpg\" alt=\"Die D11-Junioren am 3. September 2009\" class=\"wp-image-7520\"\/><\/figure>\n<\/div>\n\n\n<p><br>Die D11-Junioren der JSG Brensbach\/Nieder-Kainsbach\/Hummetroth am 3. September 2009 mit stehend von links: Thomas Gunkel (Jugendleiter SV Hummetroth und Trainer der D11), Fabio Capone, Jonas Hornung, Nadine Kerz, Marc Sch\u00f6nleber, Louis Gunkel, Marco D\u00fcmmler und Sponsor Markus Schneider. Sitzend von links: Bianca G\u00f6ttmann, Lukas Orth, Sascha Schantz, Fabian Ramge, Maximilian Frank und Sponsorin Katrin Tymkiw. Vorne liegend: Jonas Hillebrand. Auf dem Bild fehlen Simon Schaffnit, Dennis Sitzmann, Lukas Kaffenberger, Marvin Burk und Tim Bednarz.<\/p>\n\n\n\n<h6 class=\"wp-block-heading\">Die C-Junioren am 29. August 2009<\/h6>\n\n\n<div class=\"wp-block-image\">\n<figure class=\"alignleft\"><img loading=\"lazy\" decoding=\"async\" width=\"900\" height=\"600\" src=\"\/wp-content\/uploads\/2008\/03\/junioren_2009-08-29.jpg\" alt=\"Die C-Junioren am 29. August 2009\" class=\"wp-image-7217\"\/><\/figure>\n<\/div>\n\n\n<p><br>V.l. Justin M\u00fcller, Carina Beilstein, Julian Lexa, Tim Trautmann, Trainer Harald Heldmann, Christian Baumann, Tobias Heldmann, Tim Friedrich, Sebastian Stolper, Trainer Lothar Beilstein, Christian Neuberger, Kevin Amann, Trainer Angelo Reeg, Nadine Kerz, Nico Kabel, Karin Sanne und Martin Weber.<\/p>\n\n\n\n<h6 class=\"wp-block-heading\">Die D-Junioren am 2. November 2008<\/h6>\n\n\n<div class=\"wp-block-image\">\n<figure class=\"alignleft\"><img loading=\"lazy\" decoding=\"async\" width=\"900\" height=\"600\" src=\"\/wp-content\/uploads\/2008\/03\/junioren_2008-11-02.jpg\" alt=\"Die D-Junioren am 2. November 2008\" class=\"wp-image-7221\"\/><\/figure>\n<\/div>\n\n\n<p><br>Stehend v.l. Lukas Orth, Julian Lexa, Trainer Harald Heldmann, Kevin Amann, Tobias Heldmann, Tim Trautmann, Jan Philipp Klinger, Trainer Angelo Reeg, Nadine Kerz. Sitzend v.l. Luis Gunkel, Christian Baumann, Dominik Neff, Christian Neuberger, Fabian Ramge. Liegend: Schlussmann Justin M\u00fcller.<\/p>\n\n\n\n<h6 class=\"wp-block-heading\">Meister der Kreisklasse Dieburg: Die A-Junioren am 31. Mai 2008<\/h6>\n\n\n<div class=\"wp-block-image\">\n<figure class=\"alignleft\"><img loading=\"lazy\" decoding=\"async\" width=\"900\" height=\"600\" src=\"\/wp-content\/uploads\/2008\/05\/jubilaeum_2008_06.jpg\" alt=\"Die A-Junioren am 31. Mai 2008\" class=\"wp-image-7168\"\/><\/figure>\n<\/div>\n\n\n<p><br>Hintere Reihe v.l. Trainer Hans Sch\u00f6ps, Andreas Werner, Jan H\u00fcbner, Manuel Reeg, Theodore Browne, Giuliano Daum, Frederik Lange, Kevin Nill, Michael Matthes und Andreas Trietsch. Mittlere Reihe v.l. Giuliano De Meo, Florian Will, Patrick Lautenschl\u00e4ger, Tim Lautenschl\u00e4ger, Jannis Kepper, Florian Anders und Trainer Hans Vetter. Vordere Reihe v.l. Steffen Klinger, Marian Reubold, Florian J\u00f6ckel, Thorsten M\u00fcller und Roman Eying.<\/p>\n\n\n\n<h6 class=\"wp-block-heading\">Die A-Junioren am 8. September 2007<\/h6>\n\n\n<div class=\"wp-block-image\">\n<figure class=\"alignleft\"><img loading=\"lazy\" decoding=\"async\" width=\"900\" height=\"600\" src=\"\/wp-content\/uploads\/2008\/03\/junioren_2007-09-08.jpg\" alt=\"Die A-Junioren am 8. September 2007\" class=\"wp-image-7224\"\/><\/figure>\n<\/div>\n\n\n<p><br>Hintere Reihe v.l. Trainer Hans Sch\u00f6ps, Michael Matthes, Frederik Lange, Jan H\u00fcbner, Kevin Nill, Andreas Werner, Florian J\u00f6ckel, Florian Anders, Patrick Lautenschl\u00e4ger sowie Co-Trainer Hans Vetter. Vordere Reihe v.l. Steffen Klinger, Marian Reubold, Giuliano De Meo, Jannis Kepper, Thorsten M\u00fcller, Roman Eying, Giuliano Daum, Tim Lautenschl\u00e4ger, Trainer Bare Biljeskovic.<\/p>\n","protected":false},"excerpt":{"rendered":"<p>Ob M\u00e4dchen oder Junge \u2013 alle Kinder, die mindestens vier Jahre alt sind, laden wir herzlich ein, mit unseren Jugendmannschaften zu trainieren. Das Training findet auf dem Sportplatz in Nieder-Kainsbach statt. Wir freuen uns auf jedes Kind! Trainingszeiten Dienstags, 17.00 &#8211; 18.30 Uhr Sportplatz Nieder-KainsbachDonnerstags, 17.00 &#8211; 18.30 Uhr Sportplatz Nieder-Kainsbach In den Wintermonaten:Dienstags, 18.00 &hellip; <a href=\"https:\/\/www.sgniederkainsbach.de\/?page_id=15\" class=\"more-link\"><span class=\"screen-reader-text\">Junioren<\/span> weiterlesen <span class=\"meta-nav\">&rarr;<\/span><\/a><\/p>\n","protected":false},"author":6,"featured_media":8865,"parent":0,"menu_order":5000,"comment_status":"open","ping_status":"closed","template":"","meta":{"footnotes":""},"class_list":["post-15","page","type-page","status-publish","has-post-thumbnail","hentry"],"_links":{"self":[{"href":"https:\/\/www.sgniederkainsbach.de\/index.php?rest_route=\/wp\/v2\/pages\/15","targetHints":{"allow":["GET"]}}],"collection":[{"href":"https:\/\/www.sgniederkainsbach.de\/index.php?rest_route=\/wp\/v2\/pages"}],"about":[{"href":"https:\/\/www.sgniederkainsbach.de\/index.php?rest_route=\/wp\/v2\/types\/page"}],"author":[{"embeddable":true,"href":"https:\/\/www.sgniederkainsbach.de\/index.php?rest_route=\/wp\/v2\/users\/6"}],"replies":[{"embeddable":true,"href":"https:\/\/www.sgniederkainsbach.de\/index.php?rest_route=%2Fwp%2Fv2%2Fcomments&post=15"}],"version-history":[{"count":51,"href":"https:\/\/www.sgniederkainsbach.de\/index.php?rest_route=\/wp\/v2\/pages\/15\/revisions"}],"predecessor-version":[{"id":13113,"href":"https:\/\/www.sgniederkainsbach.de\/index.php?rest_route=\/wp\/v2\/pages\/15\/revisions\/13113"}],"wp:featuredmedia":[{"embeddable":true,"href":"https:\/\/www.sgniederkainsbach.de\/index.php?rest_route=\/wp\/v2\/media\/8865"}],"wp:attachment":[{"href":"https:\/\/www.sgniederkainsbach.de\/index.php?rest_route=%2Fwp%2Fv2%2Fmedia&parent=15"}],"curies":[{"name":"wp","href":"https:\/\/api.w.org\/{rel}","templated":true}]}}