{"id":12,"date":"2008-03-17T12:14:50","date_gmt":"2008-03-17T11:14:50","guid":{"rendered":"http:\/\/wp1033296.wp056.webpack.hosteurope.de\/sgniederkainsbach\/?page_id=12"},"modified":"2026-02-03T12:09:43","modified_gmt":"2026-02-03T11:09:43","slug":"vorstand","status":"publish","type":"page","link":"https:\/\/www.sgniederkainsbach.de\/?page_id=12","title":{"rendered":"Vorstand"},"content":{"rendered":"\n<p><strong>Steffen Klinger, 1. Vorsitzender<\/strong><br>Alter Postweg 25<br>64385 Reichelsheim<br>Tel: 0160 \/ 94 71 25 58<br>E-Mail: steffen.klinger(at)entega(dot)de<\/p>\n\n\n\n<p><strong>Fabian Daum, stellv. Vorsitzender<\/strong><br>Tel: 0170 \/ 65 10 64 9<br>E-Mail: daum.fabian(at)web(dot)de<\/p>\n\n\n\n<p><strong>Sebastian Hagendorf, stellv. Vorsitzender<\/strong><br>Am Weidenkopf 18<br>64732 Bad K\u00f6nig<br>Tel: 0160 \/ 94 71 37 80<br>E-Mail: sebastianhagendorf82(at)gmail(dot)com<\/p>\n\n\n\n<p><strong>Reiner M\u00fcller, Rechner<\/strong><br>Georg-Ackermann-Stra\u00dfe 16<br>64395 Brensbach<br>Tel: 0 61 61 \/ 85 42<br>E-Mail: reiner.mueller(at)sgniederkainsbach(dot)de<\/p>\n\n\n\n<p><strong>Michael Matthes, Schriftf\u00fchrer<\/strong><br>Georg-Ackermann-Stra\u00dfe 14<br>64395 Brensbach<br>E-Mail:&nbsp;michi_matthes(at)web(dot)de<\/p>\n\n\n\n<p><strong>Abteilungsleitende<\/strong><br><a href=\"\/?page_id=13\">Fu\u00dfball<\/a>: Fabian Daum<br><a href=\"\/?page_id=15\">Jugend<\/a>: Jannis Kepper \/ Sebastian Hagendorf<br><a href=\"\/?page_id=14\">Alte Herren<\/a>: J\u00fcrgen Abraham<br>Wirtschaft: Janette Burkhardt<\/p>\n\n\n\n<p><strong>Beisitzer<\/strong><br>J\u00fcrgen Abraham<br>Ren\u00e9 Lannert<br>Angelo Reeg<br>Hans Sch\u00f6ps<\/p>\n","protected":false},"excerpt":{"rendered":"<p>Steffen Klinger, 1. VorsitzenderAlter Postweg 2564385 ReichelsheimTel: 0160 \/ 94 71 25 58E-Mail: steffen.klinger(at)entega(dot)de Fabian Daum, stellv. VorsitzenderTel: 0170 \/ 65 10 64 9E-Mail: daum.fabian(at)web(dot)de Sebastian Hagendorf, stellv. VorsitzenderAm Weidenkopf 1864732 Bad K\u00f6nigTel: 0160 \/ 94 71 37 80E-Mail: sebastianhagendorf82(at)gmail(dot)com Reiner M\u00fcller, RechnerGeorg-Ackermann-Stra\u00dfe 1664395 BrensbachTel: 0 61 61 \/ 85 42E-Mail: reiner.mueller(at)sgniederkainsbach(dot)de Michael Matthes, Schriftf\u00fchrerGeorg-Ackermann-Stra\u00dfe &hellip; <a href=\"https:\/\/www.sgniederkainsbach.de\/?page_id=12\" class=\"more-link\"><span class=\"screen-reader-text\">Vorstand<\/span> weiterlesen <span class=\"meta-nav\">&rarr;<\/span><\/a><\/p>\n","protected":false},"author":6,"featured_media":13588,"parent":0,"menu_order":3000,"comment_status":"closed","ping_status":"closed","template":"","meta":{"footnotes":""},"class_list":["post-12","page","type-page","status-publish","has-post-thumbnail","hentry"],"_links":{"self":[{"href":"https:\/\/www.sgniederkainsbach.de\/index.php?rest_route=\/wp\/v2\/pages\/12","targetHints":{"allow":["GET"]}}],"collection":[{"href":"https:\/\/www.sgniederkainsbach.de\/index.php?rest_route=\/wp\/v2\/pages"}],"about":[{"href":"https:\/\/www.sgniederkainsbach.de\/index.php?rest_route=\/wp\/v2\/types\/page"}],"author":[{"embeddable":true,"href":"https:\/\/www.sgniederkainsbach.de\/index.php?rest_route=\/wp\/v2\/users\/6"}],"replies":[{"embeddable":true,"href":"https:\/\/www.sgniederkainsbach.de\/index.php?rest_route=%2Fwp%2Fv2%2Fcomments&post=12"}],"version-history":[{"count":51,"href":"https:\/\/www.sgniederkainsbach.de\/index.php?rest_route=\/wp\/v2\/pages\/12\/revisions"}],"predecessor-version":[{"id":13114,"href":"https:\/\/www.sgniederkainsbach.de\/index.php?rest_route=\/wp\/v2\/pages\/12\/revisions\/13114"}],"wp:featuredmedia":[{"embeddable":true,"href":"https:\/\/www.sgniederkainsbach.de\/index.php?rest_route=\/wp\/v2\/media\/13588"}],"wp:attachment":[{"href":"https:\/\/www.sgniederkainsbach.de\/index.php?rest_route=%2Fwp%2Fv2%2Fmedia&parent=12"}],"curies":[{"name":"wp","href":"https:\/\/api.w.org\/{rel}","templated":true}]}}