{"id":11,"date":"2008-03-17T12:14:13","date_gmt":"2008-03-17T11:14:13","guid":{"rendered":"http:\/\/wp1033296.wp056.webpack.hosteurope.de\/sgniederkainsbach\/?page_id=11"},"modified":"2024-05-27T13:07:47","modified_gmt":"2024-05-27T11:07:47","slug":"verein","status":"publish","type":"page","link":"https:\/\/www.sgniederkainsbach.de\/?page_id=11","title":{"rendered":"Verein"},"content":{"rendered":"\n<h4 class=\"wp-block-heading\">Der Verein im \u00dcberblick<\/h4>\n\n\n\n<p>Die Sportgemeinschaft (SG) Nieder-Kainsbach\/Affh\u00f6llerbach e.V., 1968 gegr\u00fcndet, ist ein relativ junger und mit seinen Fu\u00dfballabteilungen und seinem gesellschaftlichen Engagement ein sehr lebendiger Verein. Zwei Seniorenmannschaften, die beide in der Kreisliga Odenwald spielen, eine Juniorenspielgemeinschaft und eine AH-Mannschaft zeichnen die SG Nieder-Kainsbach in sportlicher Hinsicht aus.<br> Ehrenamtliches Engagement und pers\u00f6nlicher Einsatz stehen bei der SG Nieder-Kainsbach\/Affh\u00f6llerbach im Vordergrund. Die Gastst\u00e4tte im Sportheim wird in Eigenregie betrieben und neben den t\u00e4glichen Arbeiten rund um das Sportgel\u00e4nde mit der Pflege des Vereinsheims, tr\u00e4gt die SG im Laufe eines Jahres mit mehreren gro\u00dfen Veranstaltungen zum kulturellen Leben in der Gemeinde bei.<br> Das weit \u00fcber die Gemeindegrenzen hinaus bekannte und sehr beliebte Grillfest und Oldtimertreffen z\u00e4hlt zu den gr\u00f6\u00dften Veranstaltungen im oberen Gersprenztal und lockt am 1. Mai mehrere tausend Besucher an. Ebenso beliebt ist die seit Jahrzehnten durchgef\u00fchrte Faschingsveranstaltung in der f\u00fcnften Jahreszeit.<br> In den vergangenen Jahren wurde das 1972 erbaute Vereinsheim immer wieder mit erheblicher Eigenleistung umgebaut und teilsaniert. Beispielsweise wurden zwischen 2009 und 2011 in mehreren Bauabschnitten insgesamt 155.000 Euro in die Sanierung des Vereinsheims investiert.<\/p>\n\n\n\n<h4 class=\"wp-block-heading\">55 Jahre SG Nieder-Kainsbach\/Affh\u00f6llerbach e.V.<\/h4>\n\n\n\n<p>Die Vereinsgr\u00fcndung der Sportgemeinschaft (SG) Nieder-Kainsbach\/Affh\u00f6llerbach erfolgte am 6. April <strong>1968 <\/strong>im Saal der Gastst\u00e4tte Reeg in Nieder-Kainsbach. Lange vor diesem Zeitpunkt bem\u00fchte sich Georg Ramge, B\u00fcrgermeister der damals noch selbstst\u00e4ndigen Gemeinde Nieder-Kainsbach, um die Errichtung einer Sportanlage. Als dies realisierbar erschien, lag es nahe, auch einen Sportverein zu gr\u00fcnden, \u201eum der sportbegeisterten Jugend die M\u00f6glichkeit zu bieten, sich unter geordneten Verh\u00e4ltnissen zu bet\u00e4tigen\u201c.<\/p>\n\n\n\n<p>Ein Organisationsausschuss, bestehend aus Georg Ramge sen., Georg Fornoff, Willi Gross und G\u00fcnter Reeg, ermittelte zun\u00e4chst die tats\u00e4chliche Bereitschaft zur Vereinsgr\u00fcndung unter der Bev\u00f6lkerung. Den Aufruf unterst\u00fctzten 123 B\u00fcrger aus Nieder-Kainsbach, Affh\u00f6llerbach und Stierbach mit ihrer Unterschrift.<br>\nDie Gr\u00fcndungsversammlung w\u00e4hlte schlie\u00dflich Heinz Ihrig aus Stierbach zum ersten Vorsitzenden des neu gegr\u00fcndeten Vereins, der zun\u00e4chst aus den Abteilungen Fu\u00dfball, Tischtennis, Gymnastik und Leichtathletik bestand. Die Versammlung bestimmte Adam Fornoff aus Nieder-Kainsbach zum zweiten Vorsitzenden, Willi Gross aus Nieder-Kainsbach zum Schriftf\u00fchrer, Georg Ramge jun. aus Nieder-Kainsbach zum Rechner und Friedrich Weber aus Affh\u00f6llerbach zum Jugendwart.<\/p>\n\n\n\n<p>Der Sportplatz wurde zun\u00e4chst mit Hacke und Schaufel geebnet, jedoch konnte B\u00fcrgermeister Ramge wenig sp\u00e4ter eine amerikanische Pioniereinheit gewinnen, die das Gel\u00e4nde mit schwerem Ger\u00e4t und \u00fcberdies kostenlos einebnete. Mit Aufnahme des Spielbetriebs wurde dann ein Vereinsheim mit Umkleidekabinen und Duschr\u00e4umen gebaut und <strong>1971 <\/strong>vollendet. Nach weiteren Erweiterungen wurde das Sportheim 1974 offiziell eingeweiht.<\/p>\n\n\n\n<p>W\u00e4hrend die Tischtennisabteilung bereits im ersten Jahr gute sportliche Erfolge erzielen konnte, verloren die Fu\u00dfballer ihr erstes Verbandsspiel mit 0:14 Toren und auch in den folgenden Jahren konnte nur selten ein Spiel gewonnen werden. Die Gymnastikabteilung begann im Oktober <strong>1969 <\/strong>mit ihren Aktivit\u00e4ten, w\u00e4hrend die Leichtathletikabteilung nicht belebt wurde.<\/p>\n\n\n\n<p><strong>1975 <\/strong>trennte sich die erfolgreiche Tischtennisabteilung und schloss sich dem neu gegr\u00fcndeten TTC Brensbach an. Im gleichen Jahr wurde die erste Faschingssitzung veranstaltet, die in den Folgejahren zu einem festen Bestandteil des kulturellen Lebens in unserer Gemeinde wurde.<\/p>\n\n\n\n<p>In der Fu\u00dfballrunde <strong>1978\/79<\/strong> wurde die A-Jugend ungeschlagener Meister in der Kreisklasse Dieburg und 1982\/83 konnte wieder eine A-Jugend diesen Erfolg in der Kreisliga des Odenwaldkreises wiederholen. Im November <strong>1982 <\/strong>verstarb jedoch auch der mittlerweile zum Ehrenvorsitzenden ernannte Altb\u00fcrgermeister Georg Ramge.<\/p>\n\n\n\n<p><strong>1985 <\/strong>wurde ein v\u00f6llig neu gebauter Hartplatz \u00fcbernommen und seit 1988 treffen sich jedes Jahr Jugendliche in gro\u00dfer Zahl, um ein Hobbyfu\u00dfballturnier auszutragen. Die bei der Vereinsgr\u00fcndung vorgesehene Leichtathletikabteilung wird 1992 mit dem Beitritt zur LG Rodenstein aktiv und bietet vielen Jugendlichen ein sportliches Bet\u00e4tigungsfeld.<\/p>\n\n\n\n<p>Mit der Bereitstellung eines modernen Rasenplatzes im Jahr <strong>1995 <\/strong>stieg die Attraktivit\u00e4t der SG Nieder-Kainsbach\/Affh\u00f6llerbach e.V. betr\u00e4chtlich und bereits zwei Jahre sp\u00e4ter spielten sieben Jugend-, zwei Senioren-, eine AH- und eine Damenmannschaft f\u00fcr unseren Verein. Aus der hervorragenden Jugendarbeit resultierend konnten in den Folgejahren mehrere Kreismeisterschaften errungen werden.<\/p>\n\n\n\n<p>Im Jahr 1997 wurde die Seniorenmannschaft durch die Verpflichtung von Spielertrainer Drago Cutura und einiger neuer Spieler gest\u00e4rkt, so dass die SG in den Jahren danach hervorragenden Fu\u00dfball spielte und die 1. Mannschaft <strong>1999 <\/strong>den Aufstieg in die A-Klasse des Odenwaldkreises schaffte.<\/p>\n\n\n\n<p>Im Jahr <strong>2000 <\/strong>wurde die vereinseigene Gastst\u00e4tte gr\u00fcndlich renoviert und mit einer neuen Theke ausgestattet, 2003 wurden die Dusch- und Umkleider\u00e4ume unter Einsatz von gro\u00dfer Eigenleistung erneuert.<\/p>\n\n\n\n<p>Nach dem Abstieg der ersten Mannschaft in die B-Liga 2004 und 2007 in die C-Liga, folgten drei Jahre in der zweituntersten Spielklasse. Aber bereits <strong>2008 <\/strong>wurden die von Hans Sch\u00f6ps trainierten A-Junioren Meister in der Kreisklasse Dieburg und er\u00f6ffneten dem Verein damit eine Perspektive.<\/p>\n\n\n\n<p><strong>2010 <\/strong>schaffte diese junge Mannschaft, verst\u00e4rkt um Spielertrainer Marinco Panov, auch den Wiederaufstieg in die B-Liga mit 81 Punkten und einem Torverh\u00e4ltnis von 124:36. Von insgesamt 32 Spielen wurden 26 gewonnen und drei verloren, drei Spiele endeten unentschieden. Seitdem spielt dieses Team in fast unver\u00e4nderter Zusammensetzung sehr erfolgreich und belegte in der Saison 2011\/2012 den dritten Tabellenplatz in der B-Liga Odenwald.<\/p>\n\n\n\n<p>Zwischen <strong>2009 und 2011<\/strong> wurden in mehreren Bauabschnitten insgesamt 155.000 Euro in die grundlegende Sanierung des Vereinsheims investiert. Zun\u00e4chst wurde das Dach komplett erneuert und mit W\u00e4rmed\u00e4mmung versehen. Danach wurde auch durch erhebliche Eigenleistungen der Toilettentrakt v\u00f6llig neu errichtet, die Dusch- und Sanit\u00e4ranlagen im Untergeschoss wurden saniert, die Giebelseite wurde komplett isoliert und neu verkleidet und zum Schluss wurde schlie\u00dflich noch der Eingangsbereich neu gestaltet und mit einer hellen, freundlichen Eingangst\u00fcre versehen.<\/p>\n\n\n\n<p><strong>2013 <\/strong>kann die SG Nieder-Kainsbach\/Affh\u00f6llerbach e.V. mit einem Doppelaufstieg den bislang bedeutendsten sportlichen Erfolg in ihrer Vereinsgeschichte verbuchen. Unter der Leitung von Trainer Robert Schwarzkamp erk\u00e4mpfte sich die erste Mannschaft den Aufstieg in die A-Liga Odenwald w\u00e4hrend gleichzeitig die zweite Mannschaft unter Betreuer Markus Karg in die C-Liga Odenwald aufstieg.<br>Im Rahmen der Aufstiegsfeier wurden Philipp Giegerich und Willi Gross aufgrund ihrer au\u00dferordentlichen Verdienste zu Ehrenmitgliedern des Vereins ernannt.<\/p>\n\n\n\n<p><strong>2016 <\/strong>gelingt dem neu gew\u00e4hlten Jugendleiter Jannis Kepper mit Hilfe eines engagierten Trainer- und Betreuerstabs um Andreas Rempke die Wiederbelebung des Juniorenbereichs. Mit der SSV Brensbach bildet die SG seitdem wieder eine Jugendspielgemeinschaft, in der neben den Bambinis, F-Junioren, E-Junioren und D-Junioren erfolgreich f\u00fcr die JSG Brensbach\/Nieder-Kainsbach spielen.<br>In der Winterpause 2016\/2017 wenden Mitglieder mehr als 460 Stunden auf, um die K\u00fchlzelle zu erneuern und den Kabinenbereich zu renovieren. Die SG investiert mehr als 4.000 Euro in diese Bauma\u00dfnahmen.<\/p>\n\n\n\n<p><strong>2017 <\/strong>wird die Heizungsanlage komplett erneuert. Nachdem die \u00fcber 18 Jahre alte Anlage in den vorangegangenen Jahren immer wieder ausfiel, entschloss sich die Gemeinde Brensbach zu dieser kostspieligen, aber unerl\u00e4sslichen Ma\u00dfnahme. In der Winterpause 2017\/2018 wird auf Initiative von 1. Vorsitzender J\u00fcrgen Abraham die K\u00fcche in Eigenleistung und mit erheblichem Aufwand komplett renoviert.<\/p>\n\n\n\n<p>Am 14. Juli <strong>2018 <\/strong>feiert die SG bei herrlichem Sommerwetter ihr 50-j\u00e4hriges Bestehen. Am fr\u00fchen Nachmittag begann die Festlichkeit mit einem Blitzfu\u00dfballturnier, an dem befreundete Vereine aus dem Gersprenztal teilnahmen. Der offizielle Teil der Feierlichkeiten mit der Ehrung der Vereinsgr\u00fcnder folgte dann gegen 19.00 Uhr. Teilnehmer beschreiben die Ehrungen als einen bewegenden und sehr emotionalen Augenblick, der die St\u00e4rke der SG-Familie in bemerkenswerter Art und Weise zum Ausdruck brachte. Bei der anschlie\u00dfenden Open-Air-Discoparty und herrlichem Summerfeeling kamen dann die Junggebliebenen bis in die Morgenstunden auf ihre Kosten.<\/p>\n\n\n\n<p><strong>2019 <\/strong>gelingt der 1. Mannschaft um Spielertrainer Sebastian Hagendorf der Aufstieg in die Kreisoberliga Dieburg\/Odenwald. Nach einer tollen Spielzeit in der A-Liga qualifizierte sich das Team mit dem zweiten Tabellenplatz f\u00fcr die Relegation. Das erste Relegationsspiel auf einem kleinen Kunstrasenplatz in Ober-Roden drehte die Mannschaft nach einem 0:2 R\u00fcckstand mit Unterst\u00fctzung der ca. 150 angereisten SG-Fans zu einem 3:2 Sieg. Am 5. Juni 2019 fand das zweite Spiel vor einer tollen Kulisse von mehr als 800 Zuschauern auf unserem Sportgel\u00e4nde statt. Mit Offensivfu\u00dfball par excellence siegte unsere Mannschaft auch hier hochverdient mit 5:2 Toren und machte damit den gr\u00f6\u00dften sportlichen Erfolg seit Bestehen des Vereins perfekt.<\/p>\n\n\n\n<p>Im M\u00e4rz <strong>2020 <\/strong>trifft uns die Corona-Pandemie genauso unvermittelt wie die anderen deutschen Sportvereine. Aufgrund des gesetzlich verordneten Lockdowns m\u00fcssen alle Vereinsaktivit\u00e4ten eingestellt werden: Meisterschaftsspiele werden gestrichen, das Training muss \u00fcber Wochen ausfallen und die Gastst\u00e4tte muss schlie\u00dfen. Die Fastnachtsveranstaltungen und unser Grillfest und Oldtimer-Treffen am 1. Mai sowie die Weihnachtsfeiern fallen in den Jahren 2020 und 2021 dem Corona-Virus zum Opfer. Der Wiedereinstig ins Training f\u00e4llt nicht jedem leicht, doch wir k\u00f6nnen die Klasse halten und spielen nach Aufhebung fast aller Beschr\u00e4nkungen im Fr\u00fchjahr 2022 weiterhin in der Kreisoberliga Dieburg\/Odenwald. Durch Sparma\u00dfnahmen konnten wir die finanziellen Ausf\u00e4lle kompensieren und auch die Mitglieder hielten uns die Treue. Im Gegensatz zu vielen anderen Vereinen, kamen wir so gut durch die Krise.<\/p>\n\n\n\n<p><strong>2023 <\/strong>muss unsere erste Mannschaft nach verlorener Relegation leider die Kreisoberliga Dieburg\/Odenwald verlassen und spielt nun wieder in der A-Liga Odenwald.<\/p>\n\n\n\n<p>In der Winterpause <strong>2023\/2024<\/strong> wird die Vereinsgastst\u00e4tte mit hohem finanziellem Aufwand und gro\u00dfem pers\u00f6nlichen Einsatz durch Vereinsmitglieder ausschlie\u00dflich in ehrenamtlicher Arbeit aufwendig renoviert. Der obere Teil der Theke, Schr\u00e4nke, die Bestuhlung und der alte Fliesenboden werden in m\u00fchevoller Arbeit vollst\u00e4ndig entfernt. Die Fenster werden erneuert und die alte Beleuchtung wird g\u00e4nzlich durch neue, energiesparende LED-Strahler ersetzt. Der Boden wird komplett mit neuen, gro\u00dfformatigen Fliesen versehen und die W\u00e4nde erhalten eine W\u00e4rmed\u00e4mmung sowie eine halbhohe Verkleidung mit Akustikpaneelen. Der Rest des Raumes wird neu angelegt. Der untere Teil der Theke wird aufwendig saniert und ebenfalls mit Akustikpaneelen versehen. Dazu lieferte uns eine auf die Ausstattung von Gastst\u00e4tten spezialisierte Schreinerei ma\u00dfgeschneiderte Thekenschr\u00e4nke sowie hochwertige und farblich abgestimmte Barhocker, St\u00fchle und Tische, die mit dem \u00fcbrigen Interieur harmonieren. Eine Vielzahl weiterer Detailarbeiten trugen anschlie\u00dfend noch dazu bei, dass die SG nun \u00fcber eine moderne, sehr ansprechende Gastst\u00e4tte verf\u00fcgt.<\/p>\n\n\n\n<h4 class=\"wp-block-heading\">Die Gr\u00fcndungsmitglieder der SG am 14. Juli 2018<\/h4>\n\n\n\n<figure class=\"wp-block-image\"><img loading=\"lazy\" decoding=\"async\" width=\"900\" height=\"600\" src=\"https:\/\/www.sgniederkainsbach.de\/wp-content\/uploads\/2018\/07\/IMG_1204.jpg\" alt=\"\" class=\"wp-image-9831\" srcset=\"https:\/\/www.sgniederkainsbach.de\/wp-content\/uploads\/2018\/07\/IMG_1204.jpg 900w, https:\/\/www.sgniederkainsbach.de\/wp-content\/uploads\/2018\/07\/IMG_1204-768x512.jpg 768w\" sizes=\"auto, (max-width: 900px) 100vw, 900px\" \/><figcaption class=\"wp-element-caption\">v.l. Reinhard Ihrig, Ludwig Schmahl, Reiner Fornoff, Rudi Dehos, 1. Vorsitzender J\u00fcrgen Abraham, Klaus Abraham, Philipp Giegerich, Ludwig Schmucker, Georg Ramge,G\u00fcnter Reeg, Theo Vermeulen, Willi Gross, Rolf Schneider, Hans Werner, Kurt Matthes und Werner Schollenberger.\nEs fehlen Georg Born, Rudi Diehl, Adam Fornoff, Georg Fornoff, Leonhard Giegerich, Paul Karl, Georg Kredel, Heinrich Ramge und Manfred Strohner.<\/figcaption><\/figure>\n\n\n\n<h4 class=\"wp-block-heading\">Die Gr\u00fcndungsmitglieder der SG am 23. September 2007<\/h4>\n\n\n\n<figure class=\"wp-block-image\"><img loading=\"lazy\" decoding=\"async\" width=\"900\" height=\"600\" src=\"https:\/\/www.sgniederkainsbach.de\/wp-content\/uploads\/2008\/03\/gruendungsmitglieder_2007-09-23.jpg\" alt=\"\" class=\"wp-image-7189\"\/><figcaption class=\"wp-element-caption\">Hintere Reihe v.l. Herbert Vetter, Philipp Giegerich, G\u00fcnter Reeg, Ludwig Schmahl, Heinrich Kredel, Ludwig Schmucker, Paul Karl, M. Strohner.\nMittlere Reihe v.l. Willi Gross, Reinhard Ihrig, Kurt Matthes, Rolf Schneider, Hans Werner, Georg Fornoff und Georg Schneider.\nVordere Reihe v.l. Klaus Abraham, Heinz Ramge, Georg Ramge, Adam Fornoff, Birgit Weber, Georg Weber, Rudi Dehos, G\u00fcnter R\u00f6der und Jakob Weil.\nEs fehlen Horst G\u00f6tz, Georg Born, Georg Kredel, L. Giegerich, Willi Arras und Reiner Fornoff.<\/figcaption><\/figure>\n\n\n\n<h4 class=\"wp-block-heading\">Die Erste Mannschaft am 25. August 1968<\/h4>\n\n\n\n<figure class=\"wp-block-image\"><img loading=\"lazy\" decoding=\"async\" width=\"900\" height=\"600\" src=\"https:\/\/www.sgniederkainsbach.de\/wp-content\/uploads\/2018\/01\/Erste_Mannschaft_1968-08-25.jpg\" alt=\"\" class=\"wp-image-9519\" srcset=\"https:\/\/www.sgniederkainsbach.de\/wp-content\/uploads\/2018\/01\/Erste_Mannschaft_1968-08-25.jpg 900w, https:\/\/www.sgniederkainsbach.de\/wp-content\/uploads\/2018\/01\/Erste_Mannschaft_1968-08-25-768x512.jpg 768w\" sizes=\"auto, (max-width: 900px) 100vw, 900px\" \/><figcaption class=\"wp-element-caption\">Hintere Reihe v.l.: Hans Hotz, Paul Karl, G\u00fcnter Reeg, Heinz Miller, Georg Kredel und Rolf Schneider.\nVordere Reihe v.l.: J\u00fcrgen Fornoff, Philipp Giegerich, Ernst-Ludwig Brust, Peter Karl und Willi Gross.<\/figcaption><\/figure>\n","protected":false},"excerpt":{"rendered":"<p>Der Verein im \u00dcberblick Die Sportgemeinschaft (SG) Nieder-Kainsbach\/Affh\u00f6llerbach e.V., 1968 gegr\u00fcndet, ist ein relativ junger und mit seinen Fu\u00dfballabteilungen und seinem gesellschaftlichen Engagement ein sehr lebendiger Verein. Zwei Seniorenmannschaften, die beide in der Kreisliga Odenwald spielen, eine Juniorenspielgemeinschaft und eine AH-Mannschaft zeichnen die SG Nieder-Kainsbach in sportlicher Hinsicht aus. Ehrenamtliches Engagement und pers\u00f6nlicher Einsatz stehen &hellip; <a href=\"https:\/\/www.sgniederkainsbach.de\/?page_id=11\" class=\"more-link\"><span class=\"screen-reader-text\">Verein<\/span> weiterlesen <span class=\"meta-nav\">&rarr;<\/span><\/a><\/p>\n","protected":false},"author":2,"featured_media":7916,"parent":0,"menu_order":2000,"comment_status":"open","ping_status":"closed","template":"","meta":{"footnotes":""},"class_list":["post-11","page","type-page","status-publish","has-post-thumbnail","hentry"],"_links":{"self":[{"href":"https:\/\/www.sgniederkainsbach.de\/index.php?rest_route=\/wp\/v2\/pages\/11","targetHints":{"allow":["GET"]}}],"collection":[{"href":"https:\/\/www.sgniederkainsbach.de\/index.php?rest_route=\/wp\/v2\/pages"}],"about":[{"href":"https:\/\/www.sgniederkainsbach.de\/index.php?rest_route=\/wp\/v2\/types\/page"}],"author":[{"embeddable":true,"href":"https:\/\/www.sgniederkainsbach.de\/index.php?rest_route=\/wp\/v2\/users\/2"}],"replies":[{"embeddable":true,"href":"https:\/\/www.sgniederkainsbach.de\/index.php?rest_route=%2Fwp%2Fv2%2Fcomments&post=11"}],"version-history":[{"count":51,"href":"https:\/\/www.sgniederkainsbach.de\/index.php?rest_route=\/wp\/v2\/pages\/11\/revisions"}],"predecessor-version":[{"id":12933,"href":"https:\/\/www.sgniederkainsbach.de\/index.php?rest_route=\/wp\/v2\/pages\/11\/revisions\/12933"}],"wp:featuredmedia":[{"embeddable":true,"href":"https:\/\/www.sgniederkainsbach.de\/index.php?rest_route=\/wp\/v2\/media\/7916"}],"wp:attachment":[{"href":"https:\/\/www.sgniederkainsbach.de\/index.php?rest_route=%2Fwp%2Fv2%2Fmedia&parent=11"}],"curies":[{"name":"wp","href":"https:\/\/api.w.org\/{rel}","templated":true}]}}